{"id":2,"date":"2021-06-24T09:36:06","date_gmt":"2021-06-24T07:36:06","guid":{"rendered":"http:\/\/frieb.sk\/?page_id=2"},"modified":"2022-05-26T13:09:27","modified_gmt":"2022-05-26T11:09:27","slug":"ukazka-strany","status":"publish","type":"page","link":"https:\/\/frieb.sk\/","title":{"rendered":"Domovsk\u00e1 str\u00e1nka"},"content":{"rendered":"\t\t<div data-elementor-type=\"wp-page\" data-elementor-id=\"2\" class=\"elementor elementor-2\">\n\t\t\t\t\t\t\t\t\t<section class=\"elementor-section elementor-top-section elementor-element elementor-element-76d8bf3b elementor-section-boxed elementor-section-height-default elementor-section-height-default\" data-id=\"76d8bf3b\" data-element_type=\"section\">\n\t\t\t\t\t\t<div class=\"elementor-container elementor-column-gap-default\">\n\t\t\t\t\t<div class=\"elementor-column elementor-col-100 elementor-top-column elementor-element elementor-element-4c929869\" data-id=\"4c929869\" data-element_type=\"column\">\n\t\t\t<div class=\"elementor-widget-wrap elementor-element-populated\">\n\t\t\t\t\t\t\t\t<div class=\"elementor-element elementor-element-2578377c elementor-widget elementor-widget-text-editor\" data-id=\"2578377c\" data-element_type=\"widget\" data-widget_type=\"text-editor.default\">\n\t\t\t\t<div class=\"elementor-widget-container\">\n\t\t\t\t\t\t\t<!-- wp:paragraph -->\n<p>Na\u0161a spolo\u010dnos\u0165 obchoduje na Slovenskom trhu od roku 1992 a to vo v\u0161etk\u00fdch obchodn\u00fdch kan\u00e1loch, ako s\u00fa &#8211; maloobchodn\u00e1 sie\u0165, ve\u013ekoobchody, slovensk\u00e9 re\u0165azce aj nadn\u00e1rodn\u00e9 re\u0165azce.<br \/><br \/>V\u00fdvoj a trendy n\u00e1s priviedli k s\u00fa\u010dasn\u00e9mu stavu cca 900 polo\u017eiek na sklade, ktor\u00e9 priamo \u010di nepriamo obhospodaruje 24 zamestnancov.<\/p>\n<!-- \/wp:paragraph --><!-- wp:quote -->\n<blockquote class=\"wp-block-quote\">\n<p>Spolo\u010dnos\u0165 bola zalo\u017een\u00e1 jedn\u00fdm konate\u013eom v roku 1992 ako odpove\u010f na v tej dobe predra\u017een\u00fd sortiment kuchynsk\u00fdch potrieb na na\u0161om trhu. \u00daspe\u0161n\u00fd vzostup zaznamenali v tej dobe takmer v\u0161etky v\u00fdrobky, \u010do napomohlo zriadeniu vlastnej v\u00fdroby, ktor\u00e1 v neskor\u0161ej dobe produkovala v trojsmennej prev\u00e1dzke v\u00fdrobky aj pre rak\u00fasky a \u010desk\u00fd trh.<\/p>\n<\/blockquote>\n<!-- \/wp:quote --><!-- wp:paragraph -->\n<p><img loading=\"lazy\" class=\"alignnone  wp-image-8\" src=\"http:\/\/frieb.sk\/wp-content\/uploads\/2021\/06\/cedric2-300x128.jpg\" alt=\"\" width=\"131\" height=\"56\" srcset=\"https:\/\/frieb.sk\/wp-content\/uploads\/2021\/06\/cedric2-300x128.jpg 300w, https:\/\/frieb.sk\/wp-content\/uploads\/2021\/06\/cedric2-1024x438.jpg 1024w, https:\/\/frieb.sk\/wp-content\/uploads\/2021\/06\/cedric2-768x329.jpg 768w, https:\/\/frieb.sk\/wp-content\/uploads\/2021\/06\/cedric2-1536x657.jpg 1536w, https:\/\/frieb.sk\/wp-content\/uploads\/2021\/06\/cedric2.jpg 1772w\" sizes=\"(max-width: 131px) 100vw, 131px\" \/><\/p>\n<p>Je vynovenou zna\u010dkou v\u00fdrobkov firmy Frieb, ktor\u00e1 vznikla na prelome rokov 2004-2005. Jej zmyslom nebola len zmena designu, ale aj posun v kvalite v\u00fdrobkov.<br \/><br \/><br \/><\/p>\n<!-- \/wp:paragraph --><!-- wp:quote -->\n<blockquote class=\"wp-block-quote\">\n<p>V\u00fdrobky, ktor\u00e9 dnes expedujeme pod logom CEDRIC maj\u00fa minim\u00e1lne zachovan\u00fa p\u00f4vodn\u00fa kvalitu, vo v\u00e4\u010d\u0161ine pr\u00edpadov je ich kvalita vy\u0161\u0161ia, s\u00fa v\u00e4\u010d\u0161ie, maj\u00fa vy\u0161\u0161iu \u00fa\u017eitkov\u00fa hodnotu.<\/p>\n<\/blockquote>\n<!-- \/wp:quote --><!-- wp:paragraph -->\n<p>V tomto sortimente sme doma a dr\u017e\u00edme prvenstvo napr\u00edklad v mno\u017estve druhov zmet\u00e1kov, hubiek, handier a pod. ktor\u00e9 m\u00e1me trvale na sklade.<\/p>\n<!-- \/wp:paragraph -->\t\t\t\t\t\t<\/div>\n\t\t\t\t<\/div>\n\t\t\t\t\t<\/div>\n\t\t<\/div>\n\t\t\t\t\t\t\t<\/div>\n\t\t<\/section>\n\t\t\t\t<section class=\"elementor-section elementor-top-section elementor-element elementor-element-12d842c6 elementor-section-height-min-height elementor-section-boxed elementor-section-height-default elementor-section-items-middle\" data-id=\"12d842c6\" data-element_type=\"section\" data-settings=\"{&quot;background_background&quot;:&quot;classic&quot;}\">\n\t\t\t\t\t\t\t<div class=\"elementor-background-overlay\"><\/div>\n\t\t\t\t\t\t\t<div class=\"elementor-container elementor-column-gap-default\">\n\t\t\t\t\t<div class=\"elementor-column elementor-col-50 elementor-top-column elementor-element elementor-element-5b9d9b2e\" data-id=\"5b9d9b2e\" data-element_type=\"column\">\n\t\t\t<div class=\"elementor-widget-wrap\">\n\t\t\t\t\t\t\t\t\t<\/div>\n\t\t<\/div>\n\t\t\t\t<div class=\"elementor-column elementor-col-50 elementor-top-column elementor-element elementor-element-533ff191\" data-id=\"533ff191\" data-element_type=\"column\">\n\t\t\t<div class=\"elementor-widget-wrap elementor-element-populated\">\n\t\t\t\t\t\t\t\t<div class=\"elementor-element elementor-element-4609dedb elementor-widget elementor-widget-heading\" data-id=\"4609dedb\" data-element_type=\"widget\" data-widget_type=\"heading.default\">\n\t\t\t\t<div class=\"elementor-widget-container\">\n\t\t\t<h3 class=\"elementor-heading-title elementor-size-medium\">Od roku   1992   na slovenskom tRhu<\/h3>\t\t<\/div>\n\t\t\t\t<\/div>\n\t\t\t\t<div class=\"elementor-element elementor-element-5e48deae elementor-widget elementor-widget-heading\" data-id=\"5e48deae\" data-element_type=\"widget\" data-widget_type=\"heading.default\">\n\t\t\t\t<div class=\"elementor-widget-container\">\n\t\t\t<h2 class=\"elementor-heading-title elementor-size-default\">KATAL\u00d3G NA STIAHNUTIE<\/h2>\t\t<\/div>\n\t\t\t\t<\/div>\n\t\t\t\t<div class=\"elementor-element elementor-element-3676281 elementor-mobile-align-justify elementor-widget elementor-widget-button\" data-id=\"3676281\" data-element_type=\"widget\" data-widget_type=\"button.default\">\n\t\t\t\t<div class=\"elementor-widget-container\">\n\t\t\t\t\t<div class=\"elementor-button-wrapper\">\n\t\t\t<a href=\"http:\/\/frieb.sk\/wp-content\/uploads\/2022\/01\/katalog-CEDRIC-2020_m.pdf\" target=\"_blank\" class=\"elementor-button-link elementor-button elementor-size-xl\" role=\"button\">\n\t\t\t\t\t\t<span class=\"elementor-button-content-wrapper\">\n\t\t\t\t\t\t<span class=\"elementor-button-text\">KATAL\u00d3G<\/span>\n\t\t<\/span>\n\t\t\t\t\t<\/a>\n\t\t<\/div>\n\t\t\t\t<\/div>\n\t\t\t\t<\/div>\n\t\t\t\t\t<\/div>\n\t\t<\/div>\n\t\t\t\t\t\t\t<\/div>\n\t\t<\/section>\n\t\t\t\t<section class=\"elementor-section elementor-top-section elementor-element elementor-element-6db59cb9 elementor-section-full_width elementor-section-height-default elementor-section-height-default\" data-id=\"6db59cb9\" data-element_type=\"section\" data-settings=\"{&quot;background_background&quot;:&quot;classic&quot;}\">\n\t\t\t\t\t\t\t<div class=\"elementor-background-overlay\"><\/div>\n\t\t\t\t\t\t\t<div class=\"elementor-container elementor-column-gap-default\">\n\t\t\t\t\t<div class=\"elementor-column elementor-col-100 elementor-top-column elementor-element elementor-element-322f4308\" data-id=\"322f4308\" data-element_type=\"column\">\n\t\t\t<div class=\"elementor-widget-wrap elementor-element-populated\">\n\t\t\t\t\t\t\t\t<div class=\"elementor-element elementor-element-2517597 elementor-widget elementor-widget-heading\" data-id=\"2517597\" data-element_type=\"widget\" data-widget_type=\"heading.default\">\n\t\t\t\t<div class=\"elementor-widget-container\">\n\t\t\t<h2 class=\"elementor-heading-title elementor-size-default\">v\u00fdber zo sortimentu<\/h2>\t\t<\/div>\n\t\t\t\t<\/div>\n\t\t\t\t<section class=\"elementor-section elementor-inner-section elementor-element elementor-element-32044655 elementor-section-boxed elementor-section-height-default elementor-section-height-default\" data-id=\"32044655\" data-element_type=\"section\">\n\t\t\t\t\t\t<div class=\"elementor-container elementor-column-gap-default\">\n\t\t\t\t\t<div class=\"elementor-column elementor-col-25 elementor-inner-column elementor-element elementor-element-2ed6818e\" data-id=\"2ed6818e\" data-element_type=\"column\">\n\t\t\t<div class=\"elementor-widget-wrap elementor-element-populated\">\n\t\t\t\t\t\t\t\t<div class=\"elementor-element elementor-element-39b56820 elementor-widget elementor-widget-image\" data-id=\"39b56820\" data-element_type=\"widget\" data-widget_type=\"image.default\">\n\t\t\t\t<div class=\"elementor-widget-container\">\n\t\t\t\t\t\t\t\t\t\t\t\t\t\t\t<img src=\"https:\/\/frieb.sk\/wp-content\/uploads\/2021\/06\/82613_2016_resize-kopie.jpg\" title=\"82613_2016_resize kopie\" alt=\"82613_2016_resize kopie\" \/>\t\t\t\t\t\t\t\t\t\t\t\t\t\t\t<\/div>\n\t\t\t\t<\/div>\n\t\t\t\t<div class=\"elementor-element elementor-element-54986bec elementor-widget elementor-widget-heading\" data-id=\"54986bec\" data-element_type=\"widget\" data-widget_type=\"heading.default\">\n\t\t\t\t<div class=\"elementor-widget-container\">\n\t\t\t<h2 class=\"elementor-heading-title elementor-size-default\">Farebn\u00e9 \u0161pongie 3ks<\/h2>\t\t<\/div>\n\t\t\t\t<\/div>\n\t\t\t\t<div class=\"elementor-element elementor-element-5cd12401 elementor-widget elementor-widget-text-editor\" data-id=\"5cd12401\" data-element_type=\"widget\" data-widget_type=\"text-editor.default\">\n\t\t\t\t<div class=\"elementor-widget-container\">\n\t\t\t\t\t\t\t<p>Ob\u013e\u00faben\u00e9 3ks balenie farebn\u00fdch profilovan\u00fdch \u0161pongi\u00ed<\/p>\t\t\t\t\t\t<\/div>\n\t\t\t\t<\/div>\n\t\t\t\t\t<\/div>\n\t\t<\/div>\n\t\t\t\t<div class=\"elementor-column elementor-col-25 elementor-inner-column elementor-element elementor-element-5ded18f0\" data-id=\"5ded18f0\" data-element_type=\"column\">\n\t\t\t<div class=\"elementor-widget-wrap elementor-element-populated\">\n\t\t\t\t\t\t\t\t<div class=\"elementor-element elementor-element-7e23b775 elementor-widget elementor-widget-image\" data-id=\"7e23b775\" data-element_type=\"widget\" data-widget_type=\"image.default\">\n\t\t\t\t<div class=\"elementor-widget-container\">\n\t\t\t\t\t\t\t\t\t\t\t\t\t\t\t<img src=\"https:\/\/frieb.sk\/wp-content\/uploads\/2021\/06\/55100-scaled.jpg\" title=\"55100\" alt=\"55100\" \/>\t\t\t\t\t\t\t\t\t\t\t\t\t\t\t<\/div>\n\t\t\t\t<\/div>\n\t\t\t\t<div class=\"elementor-element elementor-element-464c5491 elementor-widget elementor-widget-heading\" data-id=\"464c5491\" data-element_type=\"widget\" data-widget_type=\"heading.default\">\n\t\t\t\t<div class=\"elementor-widget-container\">\n\t\t\t<h2 class=\"elementor-heading-title elementor-size-default\">univerz\u00e1lna sav\u00e1 3ks<\/h2>\t\t<\/div>\n\t\t\t\t<\/div>\n\t\t\t\t<div class=\"elementor-element elementor-element-2a4c14be elementor-widget elementor-widget-text-editor\" data-id=\"2a4c14be\" data-element_type=\"widget\" data-widget_type=\"text-editor.default\">\n\t\t\t\t<div class=\"elementor-widget-container\">\n\t\t\t\t\t\t\t<p>Utierky z mikrovl\u00e1kna na \u0161etrn\u00e9 \u010distenie bez sapon\u00e1tov<\/p>\t\t\t\t\t\t<\/div>\n\t\t\t\t<\/div>\n\t\t\t\t\t<\/div>\n\t\t<\/div>\n\t\t\t\t<div class=\"elementor-column elementor-col-25 elementor-inner-column elementor-element elementor-element-16fda1f4\" data-id=\"16fda1f4\" data-element_type=\"column\">\n\t\t\t<div class=\"elementor-widget-wrap elementor-element-populated\">\n\t\t\t\t\t\t\t\t<div class=\"elementor-element elementor-element-47a69790 elementor-widget elementor-widget-image\" data-id=\"47a69790\" data-element_type=\"widget\" data-widget_type=\"image.default\">\n\t\t\t\t<div class=\"elementor-widget-container\">\n\t\t\t\t\t\t\t\t\t\t\t\t\t\t\t<img src=\"https:\/\/frieb.sk\/wp-content\/uploads\/2021\/06\/27295.jpg\" title=\"27295\" alt=\"27295\" \/>\t\t\t\t\t\t\t\t\t\t\t\t\t\t\t<\/div>\n\t\t\t\t<\/div>\n\t\t\t\t<div class=\"elementor-element elementor-element-508b71e2 elementor-widget elementor-widget-heading\" data-id=\"508b71e2\" data-element_type=\"widget\" data-widget_type=\"heading.default\">\n\t\t\t\t<div class=\"elementor-widget-container\">\n\t\t\t<h2 class=\"elementor-heading-title elementor-size-default\">zmet\u00e1k nemo<\/h2>\t\t<\/div>\n\t\t\t\t<\/div>\n\t\t\t\t<div class=\"elementor-element elementor-element-629b1de8 elementor-widget elementor-widget-text-editor\" data-id=\"629b1de8\" data-element_type=\"widget\" data-widget_type=\"text-editor.default\">\n\t\t\t\t<div class=\"elementor-widget-container\">\n\t\t\t\t\t\t\t<p>Jeden z predstavite\u013eov dizajnovo najvydarenej\u0161\u00edch dom\u00e1cich zmet\u00e1kov<\/p>\t\t\t\t\t\t<\/div>\n\t\t\t\t<\/div>\n\t\t\t\t\t<\/div>\n\t\t<\/div>\n\t\t\t\t<div class=\"elementor-column elementor-col-25 elementor-inner-column elementor-element elementor-element-4addba96\" data-id=\"4addba96\" data-element_type=\"column\">\n\t\t\t<div class=\"elementor-widget-wrap elementor-element-populated\">\n\t\t\t\t\t\t\t\t<div class=\"elementor-element elementor-element-645f8b8 elementor-widget elementor-widget-image\" data-id=\"645f8b8\" data-element_type=\"widget\" data-widget_type=\"image.default\">\n\t\t\t\t<div class=\"elementor-widget-container\">\n\t\t\t\t\t\t\t\t\t\t\t\t\t\t\t<img src=\"https:\/\/frieb.sk\/wp-content\/uploads\/2021\/06\/40232.jpg\" title=\"40232\" alt=\"40232\" \/>\t\t\t\t\t\t\t\t\t\t\t\t\t\t\t<\/div>\n\t\t\t\t<\/div>\n\t\t\t\t<div class=\"elementor-element elementor-element-7b4dd5f1 elementor-widget elementor-widget-heading\" data-id=\"7b4dd5f1\" data-element_type=\"widget\" data-widget_type=\"heading.default\">\n\t\t\t\t<div class=\"elementor-widget-container\">\n\t\t\t<h2 class=\"elementor-heading-title elementor-size-default\">cest\u00e1rska metla<\/h2>\t\t<\/div>\n\t\t\t\t<\/div>\n\t\t\t\t<div class=\"elementor-element elementor-element-2aff7af3 elementor-widget elementor-widget-text-editor\" data-id=\"2aff7af3\" data-element_type=\"widget\" data-widget_type=\"text-editor.default\">\n\t\t\t\t<div class=\"elementor-widget-container\">\n\t\t\t\t\t\t\t<p>Cest\u00e1rska metla &#8211; tuh\u00e1, pevn\u00e1, odoln\u00e1.<\/p>\t\t\t\t\t\t<\/div>\n\t\t\t\t<\/div>\n\t\t\t\t\t<\/div>\n\t\t<\/div>\n\t\t\t\t\t\t\t<\/div>\n\t\t<\/section>\n\t\t\t\t<div class=\"elementor-element elementor-element-64ab2401 elementor-align-center elementor-mobile-align-justify elementor-widget elementor-widget-button\" data-id=\"64ab2401\" data-element_type=\"widget\" data-widget_type=\"button.default\">\n\t\t\t\t<div class=\"elementor-widget-container\">\n\t\t\t\t\t<div class=\"elementor-button-wrapper\">\n\t\t\t<a href=\"http:\/\/frieb.sk\/wp-content\/uploads\/2022\/01\/katalog-CEDRIC-2020_m.pdf\" target=\"_blank\" class=\"elementor-button-link elementor-button elementor-size-md\" role=\"button\">\n\t\t\t\t\t\t<span class=\"elementor-button-content-wrapper\">\n\t\t\t\t\t\t\t<span class=\"elementor-button-icon elementor-align-icon-right\">\n\t\t\t\t<i aria-hidden=\"true\" class=\"fas fa-long-arrow-alt-right\"><\/i>\t\t\t<\/span>\n\t\t\t\t\t\t<span class=\"elementor-button-text\">katal\u00f3g v\u0161etk\u00fdch v\u00fdrobkov<\/span>\n\t\t<\/span>\n\t\t\t\t\t<\/a>\n\t\t<\/div>\n\t\t\t\t<\/div>\n\t\t\t\t<\/div>\n\t\t\t\t\t<\/div>\n\t\t<\/div>\n\t\t\t\t\t\t\t<\/div>\n\t\t<\/section>\n\t\t\t\t\t\t\t<\/div>\n\t\t","protected":false},"excerpt":{"rendered":"<p>Na\u0161a spolo\u010dnos\u0165 obchoduje na Slovenskom trhu od roku 1992 a to vo v\u0161etk\u00fdch obchodn\u00fdch kan\u00e1loch, ako s\u00fa &#8211; maloobchodn\u00e1 sie\u0165, ve\u013ekoobchody, slovensk\u00e9 re\u0165azce aj nadn\u00e1rodn\u00e9 re\u0165azce. V\u00fdvoj a trendy n\u00e1s priviedli k s\u00fa\u010dasn\u00e9mu stavu cca 900 polo\u017eiek na sklade, ktor\u00e9 priamo \u010di nepriamo obhospodaruje 24 zamestnancov. Spolo\u010dnos\u0165 bola zalo\u017een\u00e1 jedn\u00fdm konate\u013eom v roku 1992 ako [&hellip;]<\/p>\n","protected":false},"author":1,"featured_media":0,"parent":0,"menu_order":0,"comment_status":"closed","ping_status":"open","template":"","meta":{"_monsterinsights_skip_tracking":false,"_monsterinsights_sitenote_active":false,"_monsterinsights_sitenote_note":"","_monsterinsights_sitenote_category":0},"yoast_head":"<!-- This site is optimized with the Yoast SEO plugin v18.5.1 - https:\/\/yoast.com\/wordpress\/plugins\/seo\/ -->\n<title>Domovsk\u00e1 str\u00e1nka - FRIEB.sk<\/title>\n<meta name=\"robots\" content=\"index, follow, max-snippet:-1, max-image-preview:large, max-video-preview:-1\" \/>\n<link rel=\"canonical\" href=\"https:\/\/frieb.sk\/\" \/>\n<meta property=\"og:locale\" content=\"sk_SK\" \/>\n<meta property=\"og:type\" content=\"article\" \/>\n<meta property=\"og:title\" content=\"Domovsk\u00e1 str\u00e1nka - FRIEB.sk\" \/>\n<meta property=\"og:description\" content=\"Na\u0161a spolo\u010dnos\u0165 obchoduje na Slovenskom trhu od roku 1992 a to vo v\u0161etk\u00fdch obchodn\u00fdch kan\u00e1loch, ako s\u00fa &#8211; maloobchodn\u00e1 sie\u0165, ve\u013ekoobchody, slovensk\u00e9 re\u0165azce aj nadn\u00e1rodn\u00e9 re\u0165azce. V\u00fdvoj a trendy n\u00e1s priviedli k s\u00fa\u010dasn\u00e9mu stavu cca 900 polo\u017eiek na sklade, ktor\u00e9 priamo \u010di nepriamo obhospodaruje 24 zamestnancov. Spolo\u010dnos\u0165 bola zalo\u017een\u00e1 jedn\u00fdm konate\u013eom v roku 1992 ako [&hellip;]\" \/>\n<meta property=\"og:url\" content=\"https:\/\/frieb.sk\/\" \/>\n<meta property=\"og:site_name\" content=\"FRIEB.sk\" \/>\n<meta property=\"article:modified_time\" content=\"2022-05-26T11:09:27+00:00\" \/>\n<meta property=\"og:image\" content=\"http:\/\/frieb.sk\/wp-content\/uploads\/2021\/06\/cedric2-300x128.jpg\" \/>\n<meta name=\"twitter:card\" content=\"summary_large_image\" \/>\n<meta name=\"twitter:label1\" content=\"Predpokladan\u00fd \u010das \u010d\u00edtania\" \/>\n\t<meta name=\"twitter:data1\" content=\"3 min\u00faty\" \/>\n<script type=\"application\/ld+json\" class=\"yoast-schema-graph\">{\"@context\":\"https:\/\/schema.org\",\"@graph\":[{\"@type\":\"WebSite\",\"@id\":\"https:\/\/frieb.sk\/#website\",\"url\":\"https:\/\/frieb.sk\/\",\"name\":\"FRIEB.sk\",\"description\":\"CEDRIC\",\"potentialAction\":[{\"@type\":\"SearchAction\",\"target\":{\"@type\":\"EntryPoint\",\"urlTemplate\":\"https:\/\/frieb.sk\/?s={search_term_string}\"},\"query-input\":\"required name=search_term_string\"}],\"inLanguage\":\"sk-SK\"},{\"@type\":\"ImageObject\",\"@id\":\"https:\/\/frieb.sk\/#primaryimage\",\"inLanguage\":\"sk-SK\",\"url\":\"https:\/\/frieb.sk\/wp-content\/uploads\/2021\/06\/cedric2.jpg\",\"contentUrl\":\"https:\/\/frieb.sk\/wp-content\/uploads\/2021\/06\/cedric2.jpg\",\"width\":1772,\"height\":758},{\"@type\":\"WebPage\",\"@id\":\"https:\/\/frieb.sk\/#webpage\",\"url\":\"https:\/\/frieb.sk\/\",\"name\":\"Domovsk\u00e1 str\u00e1nka - FRIEB.sk\",\"isPartOf\":{\"@id\":\"https:\/\/frieb.sk\/#website\"},\"primaryImageOfPage\":{\"@id\":\"https:\/\/frieb.sk\/#primaryimage\"},\"datePublished\":\"2021-06-24T07:36:06+00:00\",\"dateModified\":\"2022-05-26T11:09:27+00:00\",\"breadcrumb\":{\"@id\":\"https:\/\/frieb.sk\/#breadcrumb\"},\"inLanguage\":\"sk-SK\",\"potentialAction\":[{\"@type\":\"ReadAction\",\"target\":[\"https:\/\/frieb.sk\/\"]}]},{\"@type\":\"BreadcrumbList\",\"@id\":\"https:\/\/frieb.sk\/#breadcrumb\",\"itemListElement\":[{\"@type\":\"ListItem\",\"position\":1,\"name\":\"Home\",\"item\":\"https:\/\/frieb.sk\/\"},{\"@type\":\"ListItem\",\"position\":2,\"name\":\"Domovsk\u00e1 str\u00e1nka\"}]}]}<\/script>\n<!-- \/ Yoast SEO plugin. -->","yoast_head_json":{"title":"Domovsk\u00e1 str\u00e1nka - FRIEB.sk","robots":{"index":"index","follow":"follow","max-snippet":"max-snippet:-1","max-image-preview":"max-image-preview:large","max-video-preview":"max-video-preview:-1"},"canonical":"https:\/\/frieb.sk\/","og_locale":"sk_SK","og_type":"article","og_title":"Domovsk\u00e1 str\u00e1nka - FRIEB.sk","og_description":"Na\u0161a spolo\u010dnos\u0165 obchoduje na Slovenskom trhu od roku 1992 a to vo v\u0161etk\u00fdch obchodn\u00fdch kan\u00e1loch, ako s\u00fa &#8211; maloobchodn\u00e1 sie\u0165, ve\u013ekoobchody, slovensk\u00e9 re\u0165azce aj nadn\u00e1rodn\u00e9 re\u0165azce. V\u00fdvoj a trendy n\u00e1s priviedli k s\u00fa\u010dasn\u00e9mu stavu cca 900 polo\u017eiek na sklade, ktor\u00e9 priamo \u010di nepriamo obhospodaruje 24 zamestnancov. Spolo\u010dnos\u0165 bola zalo\u017een\u00e1 jedn\u00fdm konate\u013eom v roku 1992 ako [&hellip;]","og_url":"https:\/\/frieb.sk\/","og_site_name":"FRIEB.sk","article_modified_time":"2022-05-26T11:09:27+00:00","og_image":[{"url":"http:\/\/frieb.sk\/wp-content\/uploads\/2021\/06\/cedric2-300x128.jpg"}],"twitter_card":"summary_large_image","twitter_misc":{"Predpokladan\u00fd \u010das \u010d\u00edtania":"3 min\u00faty"},"schema":{"@context":"https:\/\/schema.org","@graph":[{"@type":"WebSite","@id":"https:\/\/frieb.sk\/#website","url":"https:\/\/frieb.sk\/","name":"FRIEB.sk","description":"CEDRIC","potentialAction":[{"@type":"SearchAction","target":{"@type":"EntryPoint","urlTemplate":"https:\/\/frieb.sk\/?s={search_term_string}"},"query-input":"required name=search_term_string"}],"inLanguage":"sk-SK"},{"@type":"ImageObject","@id":"https:\/\/frieb.sk\/#primaryimage","inLanguage":"sk-SK","url":"https:\/\/frieb.sk\/wp-content\/uploads\/2021\/06\/cedric2.jpg","contentUrl":"https:\/\/frieb.sk\/wp-content\/uploads\/2021\/06\/cedric2.jpg","width":1772,"height":758},{"@type":"WebPage","@id":"https:\/\/frieb.sk\/#webpage","url":"https:\/\/frieb.sk\/","name":"Domovsk\u00e1 str\u00e1nka - FRIEB.sk","isPartOf":{"@id":"https:\/\/frieb.sk\/#website"},"primaryImageOfPage":{"@id":"https:\/\/frieb.sk\/#primaryimage"},"datePublished":"2021-06-24T07:36:06+00:00","dateModified":"2022-05-26T11:09:27+00:00","breadcrumb":{"@id":"https:\/\/frieb.sk\/#breadcrumb"},"inLanguage":"sk-SK","potentialAction":[{"@type":"ReadAction","target":["https:\/\/frieb.sk\/"]}]},{"@type":"BreadcrumbList","@id":"https:\/\/frieb.sk\/#breadcrumb","itemListElement":[{"@type":"ListItem","position":1,"name":"Home","item":"https:\/\/frieb.sk\/"},{"@type":"ListItem","position":2,"name":"Domovsk\u00e1 str\u00e1nka"}]}]}},"_links":{"self":[{"href":"https:\/\/frieb.sk\/index.php?rest_route=\/wp\/v2\/pages\/2"}],"collection":[{"href":"https:\/\/frieb.sk\/index.php?rest_route=\/wp\/v2\/pages"}],"about":[{"href":"https:\/\/frieb.sk\/index.php?rest_route=\/wp\/v2\/types\/page"}],"author":[{"embeddable":true,"href":"https:\/\/frieb.sk\/index.php?rest_route=\/wp\/v2\/users\/1"}],"replies":[{"embeddable":true,"href":"https:\/\/frieb.sk\/index.php?rest_route=%2Fwp%2Fv2%2Fcomments&post=2"}],"version-history":[{"count":6,"href":"https:\/\/frieb.sk\/index.php?rest_route=\/wp\/v2\/pages\/2\/revisions"}],"predecessor-version":[{"id":184,"href":"https:\/\/frieb.sk\/index.php?rest_route=\/wp\/v2\/pages\/2\/revisions\/184"}],"wp:attachment":[{"href":"https:\/\/frieb.sk\/index.php?rest_route=%2Fwp%2Fv2%2Fmedia&parent=2"}],"curies":[{"name":"wp","href":"https:\/\/api.w.org\/{rel}","templated":true}]}}