{"id":12,"date":"2021-06-25T12:42:42","date_gmt":"2021-06-25T10:42:42","guid":{"rendered":"http:\/\/d.r1.wbsprt.com\/frieb.sk\/?page_id=12"},"modified":"2022-01-26T12:21:47","modified_gmt":"2022-01-26T11:21:47","slug":"kontakt","status":"publish","type":"page","link":"https:\/\/frieb.sk\/?page_id=12","title":{"rendered":"Kontakt"},"content":{"rendered":"\n<p>adresa:<\/p>\n\n\n\n<p>s\u00eddlo:          Trnavsk\u00e1 66, 821 02 Bratislava<\/p>\n\n\n\n<p>prev\u00e1dzka: Star\u00e1 Vajnorsk\u00e1 37, 831 04 Bratislava &#8211; Zlat\u00e9 piesky<\/p>\n\n\n\n<p>tel.:             +421 2 4445 0473<\/p>\n\n\n\n<p>mail:          frieb@frieb.sk<\/p>\n","protected":false},"excerpt":{"rendered":"<p>adresa: s\u00eddlo: Trnavsk\u00e1 66, 821 02 Bratislava prev\u00e1dzka: Star\u00e1 Vajnorsk\u00e1 37, 831 04 Bratislava &#8211; Zlat\u00e9 piesky tel.: +421 2 4445 0473 mail: frieb@frieb.sk<\/p>\n","protected":false},"author":1,"featured_media":0,"parent":0,"menu_order":0,"comment_status":"closed","ping_status":"closed","template":"","meta":{"_monsterinsights_skip_tracking":false,"_monsterinsights_sitenote_active":false,"_monsterinsights_sitenote_note":"","_monsterinsights_sitenote_category":0},"yoast_head":"<!-- This site is optimized with the Yoast SEO plugin v18.5.1 - https:\/\/yoast.com\/wordpress\/plugins\/seo\/ -->\n<title>Kontakt - FRIEB.sk<\/title>\n<meta name=\"robots\" content=\"index, follow, max-snippet:-1, max-image-preview:large, max-video-preview:-1\" \/>\n<link rel=\"canonical\" href=\"https:\/\/frieb.sk\/?page_id=12\" \/>\n<meta property=\"og:locale\" content=\"sk_SK\" \/>\n<meta property=\"og:type\" content=\"article\" \/>\n<meta property=\"og:title\" content=\"Kontakt - FRIEB.sk\" \/>\n<meta property=\"og:description\" content=\"adresa: s\u00eddlo: Trnavsk\u00e1 66, 821 02 Bratislava prev\u00e1dzka: Star\u00e1 Vajnorsk\u00e1 37, 831 04 Bratislava &#8211; Zlat\u00e9 piesky tel.: +421 2 4445 0473 mail: frieb@frieb.sk\" \/>\n<meta property=\"og:url\" content=\"https:\/\/frieb.sk\/?page_id=12\" \/>\n<meta property=\"og:site_name\" content=\"FRIEB.sk\" \/>\n<meta property=\"article:modified_time\" content=\"2022-01-26T11:21:47+00:00\" \/>\n<meta name=\"twitter:card\" content=\"summary_large_image\" \/>\n<meta name=\"twitter:label1\" content=\"Predpokladan\u00fd \u010das \u010d\u00edtania\" \/>\n\t<meta name=\"twitter:data1\" content=\"1 min\u00fata\" \/>\n<script type=\"application\/ld+json\" class=\"yoast-schema-graph\">{\"@context\":\"https:\/\/schema.org\",\"@graph\":[{\"@type\":\"WebSite\",\"@id\":\"https:\/\/frieb.sk\/#website\",\"url\":\"https:\/\/frieb.sk\/\",\"name\":\"FRIEB.sk\",\"description\":\"CEDRIC\",\"potentialAction\":[{\"@type\":\"SearchAction\",\"target\":{\"@type\":\"EntryPoint\",\"urlTemplate\":\"https:\/\/frieb.sk\/?s={search_term_string}\"},\"query-input\":\"required name=search_term_string\"}],\"inLanguage\":\"sk-SK\"},{\"@type\":\"WebPage\",\"@id\":\"https:\/\/frieb.sk\/?page_id=12#webpage\",\"url\":\"https:\/\/frieb.sk\/?page_id=12\",\"name\":\"Kontakt - FRIEB.sk\",\"isPartOf\":{\"@id\":\"https:\/\/frieb.sk\/#website\"},\"datePublished\":\"2021-06-25T10:42:42+00:00\",\"dateModified\":\"2022-01-26T11:21:47+00:00\",\"breadcrumb\":{\"@id\":\"https:\/\/frieb.sk\/?page_id=12#breadcrumb\"},\"inLanguage\":\"sk-SK\",\"potentialAction\":[{\"@type\":\"ReadAction\",\"target\":[\"https:\/\/frieb.sk\/?page_id=12\"]}]},{\"@type\":\"BreadcrumbList\",\"@id\":\"https:\/\/frieb.sk\/?page_id=12#breadcrumb\",\"itemListElement\":[{\"@type\":\"ListItem\",\"position\":1,\"name\":\"Home\",\"item\":\"https:\/\/frieb.sk\/\"},{\"@type\":\"ListItem\",\"position\":2,\"name\":\"Kontakt\"}]}]}<\/script>\n<!-- \/ Yoast SEO plugin. -->","yoast_head_json":{"title":"Kontakt - FRIEB.sk","robots":{"index":"index","follow":"follow","max-snippet":"max-snippet:-1","max-image-preview":"max-image-preview:large","max-video-preview":"max-video-preview:-1"},"canonical":"https:\/\/frieb.sk\/?page_id=12","og_locale":"sk_SK","og_type":"article","og_title":"Kontakt - FRIEB.sk","og_description":"adresa: s\u00eddlo: Trnavsk\u00e1 66, 821 02 Bratislava prev\u00e1dzka: Star\u00e1 Vajnorsk\u00e1 37, 831 04 Bratislava &#8211; Zlat\u00e9 piesky tel.: +421 2 4445 0473 mail: frieb@frieb.sk","og_url":"https:\/\/frieb.sk\/?page_id=12","og_site_name":"FRIEB.sk","article_modified_time":"2022-01-26T11:21:47+00:00","twitter_card":"summary_large_image","twitter_misc":{"Predpokladan\u00fd \u010das \u010d\u00edtania":"1 min\u00fata"},"schema":{"@context":"https:\/\/schema.org","@graph":[{"@type":"WebSite","@id":"https:\/\/frieb.sk\/#website","url":"https:\/\/frieb.sk\/","name":"FRIEB.sk","description":"CEDRIC","potentialAction":[{"@type":"SearchAction","target":{"@type":"EntryPoint","urlTemplate":"https:\/\/frieb.sk\/?s={search_term_string}"},"query-input":"required name=search_term_string"}],"inLanguage":"sk-SK"},{"@type":"WebPage","@id":"https:\/\/frieb.sk\/?page_id=12#webpage","url":"https:\/\/frieb.sk\/?page_id=12","name":"Kontakt - FRIEB.sk","isPartOf":{"@id":"https:\/\/frieb.sk\/#website"},"datePublished":"2021-06-25T10:42:42+00:00","dateModified":"2022-01-26T11:21:47+00:00","breadcrumb":{"@id":"https:\/\/frieb.sk\/?page_id=12#breadcrumb"},"inLanguage":"sk-SK","potentialAction":[{"@type":"ReadAction","target":["https:\/\/frieb.sk\/?page_id=12"]}]},{"@type":"BreadcrumbList","@id":"https:\/\/frieb.sk\/?page_id=12#breadcrumb","itemListElement":[{"@type":"ListItem","position":1,"name":"Home","item":"https:\/\/frieb.sk\/"},{"@type":"ListItem","position":2,"name":"Kontakt"}]}]}},"_links":{"self":[{"href":"https:\/\/frieb.sk\/index.php?rest_route=\/wp\/v2\/pages\/12"}],"collection":[{"href":"https:\/\/frieb.sk\/index.php?rest_route=\/wp\/v2\/pages"}],"about":[{"href":"https:\/\/frieb.sk\/index.php?rest_route=\/wp\/v2\/types\/page"}],"author":[{"embeddable":true,"href":"https:\/\/frieb.sk\/index.php?rest_route=\/wp\/v2\/users\/1"}],"replies":[{"embeddable":true,"href":"https:\/\/frieb.sk\/index.php?rest_route=%2Fwp%2Fv2%2Fcomments&post=12"}],"version-history":[{"count":4,"href":"https:\/\/frieb.sk\/index.php?rest_route=\/wp\/v2\/pages\/12\/revisions"}],"predecessor-version":[{"id":151,"href":"https:\/\/frieb.sk\/index.php?rest_route=\/wp\/v2\/pages\/12\/revisions\/151"}],"wp:attachment":[{"href":"https:\/\/frieb.sk\/index.php?rest_route=%2Fwp%2Fv2%2Fmedia&parent=12"}],"curies":[{"name":"wp","href":"https:\/\/api.w.org\/{rel}","templated":true}]}}